{"id":7539,"date":"2022-09-05T11:02:54","date_gmt":"2022-09-05T11:02:54","guid":{"rendered":"https:\/\/www.nuevaweb.colegiolegamar.com\/work-with-us\/"},"modified":"2022-11-08T13:03:15","modified_gmt":"2022-11-08T13:03:15","slug":"work-with-us","status":"publish","type":"page","link":"https:\/\/www.colegiolegamar.com\/en\/work-with-us\/","title":{"rendered":"Work with us"},"content":{"rendered":"\t\t<div data-elementor-type=\"wp-page\" data-elementor-id=\"7539\" class=\"elementor elementor-7539 elementor-4720\">\n\t\t\t\t\t\t<section data-particle_enable=\"false\" data-particle-mobile-disabled=\"false\" class=\"elementor-section elementor-top-section elementor-element elementor-element-79e047ed elementor-section-content-middle proyectos elementor-section-boxed elementor-section-height-default elementor-section-height-default\" data-id=\"79e047ed\" data-element_type=\"section\" data-e-type=\"section\" id=\"proyectos\" data-settings=\"{&quot;background_background&quot;:&quot;classic&quot;}\">\n\t\t\t\t\t\t<div class=\"elementor-container elementor-column-gap-no\">\n\t\t\t\t\t<div class=\"elementor-column elementor-col-100 elementor-top-column elementor-element elementor-element-430c364b\" data-id=\"430c364b\" data-element_type=\"column\" data-e-type=\"column\">\n\t\t\t<div class=\"elementor-widget-wrap elementor-element-populated\">\n\t\t\t\t\t\t<div class=\"elementor-element elementor-element-24304210 animated-slow elementor-invisible elementor-widget elementor-widget-heading\" data-id=\"24304210\" data-element_type=\"widget\" data-e-type=\"widget\" data-settings=\"{&quot;_animation&quot;:&quot;fadeInUp&quot;,&quot;_animation_delay&quot;:100}\" data-widget_type=\"heading.default\">\n\t\t\t\t<div class=\"elementor-widget-container\">\n\t\t\t\t\t<h1 class=\"elementor-heading-title elementor-size-default\">Work with us<\/h1>\t\t\t\t<\/div>\n\t\t\t\t<\/div>\n\t\t\t\t\t<\/div>\n\t\t<\/div>\n\t\t\t\t\t<\/div>\n\t\t<\/section>\n\t\t\t\t<section data-particle_enable=\"false\" data-particle-mobile-disabled=\"false\" class=\"elementor-section elementor-top-section elementor-element elementor-element-2173d2c elementor-section-full_width elementor-section-height-default elementor-section-height-default\" data-id=\"2173d2c\" data-element_type=\"section\" data-e-type=\"section\" data-settings=\"{&quot;background_background&quot;:&quot;classic&quot;}\">\n\t\t\t\t\t\t<div class=\"elementor-container elementor-column-gap-no\">\n\t\t\t\t\t<div class=\"elementor-column elementor-col-100 elementor-top-column elementor-element elementor-element-3b4d1ba\" data-id=\"3b4d1ba\" data-element_type=\"column\" data-e-type=\"column\">\n\t\t\t<div class=\"elementor-widget-wrap elementor-element-populated\">\n\t\t\t\t\t\t<section data-particle_enable=\"false\" data-particle-mobile-disabled=\"false\" class=\"elementor-section elementor-inner-section elementor-element elementor-element-2abdefe elementor-section-boxed elementor-section-height-default elementor-section-height-default\" data-id=\"2abdefe\" data-element_type=\"section\" data-e-type=\"section\">\n\t\t\t\t\t\t<div class=\"elementor-container elementor-column-gap-default\">\n\t\t\t\t\t<div class=\"elementor-column elementor-col-100 elementor-inner-column elementor-element elementor-element-8cc6547\" data-id=\"8cc6547\" data-element_type=\"column\" data-e-type=\"column\">\n\t\t\t<div class=\"elementor-widget-wrap elementor-element-populated\">\n\t\t\t\t\t\t<div class=\"elementor-element elementor-element-788bb0ee elementor-widget elementor-widget-text-editor\" data-id=\"788bb0ee\" data-element_type=\"widget\" data-e-type=\"widget\" data-widget_type=\"text-editor.default\">\n\t\t\t\t<div class=\"elementor-widget-container\">\n\t\t\t\t\t\t\t\t\t<p>Please enter your resume data.<\/p>\t\t\t\t\t\t\t\t<\/div>\n\t\t\t\t<\/div>\n\t\t\t\t<div class=\"elementor-element elementor-element-21edf12 elementor-widget elementor-widget-text-editor\" data-id=\"21edf12\" data-element_type=\"widget\" data-e-type=\"widget\" data-widget_type=\"text-editor.default\">\n\t\t\t\t<div class=\"elementor-widget-container\">\n\t\t\t\t\t\t\t\t\t<p style=\"font-weight: 400;\"><strong>LEGAMAR INTERNATIONAL SCHOOL<\/strong> le informa que al enviar su curr\u00edculo a trav\u00e9s de este medio, se integrar\u00e1 autom\u00e1ticamente en la base de datos de <strong>ACADE<\/strong> (Asociaci\u00f3n de centros Aut\u00f3nomos de Ense\u00f1anza), patronal que agrupa a un gran n\u00famero de centros privados no sostenidos con fondos p\u00fablicos.<\/p><p style=\"font-weight: 400;\">Por ello, el hecho de enviarlo supondr\u00e1 que todos los centros que se integran en dicha Asociaci\u00f3n tendr\u00e1n acceso a su curr\u00edculo y a los datos contenidos en \u00e9l.<\/p><p style=\"font-weight: 400;\">Puede obtener m\u00e1s informaci\u00f3n sobre <strong>ACADE<\/strong> en\u00a0<a href=\"https:\/\/www.acade.es\/\" data-saferedirecturl=\"https:\/\/www.google.com\/url?q=https:\/\/www.acade.es&amp;source=gmail&amp;ust=1640185639297000&amp;usg=AOvVaw1fpi1JNp1a9WeZt0wHeQzC\">www.acade.es<\/a><\/p><p style=\"font-weight: 400;\">Si desea enviarlo \u00fanica y exclusivamente a <strong>LEGAMAR INTERNATIONAL SCHOOL<\/strong>, por favor, no lo introduzca a trav\u00e9s de este medio y env\u00edelo por correo electr\u00f3nico a la siguiente direcci\u00f3n: <a tabindex=\"-1\" title=\"mailto:curriculum@colegiobase.com\" href=\"mailto:recepcion@colegiolegamar.com\" target=\"_blank\" rel=\"noopener noreferrer\" aria-label=\"V\u00ednculo curriculum@colegiobase.com\">recepcion@colegiolegamar.com<\/a><\/p>\t\t\t\t\t\t\t\t<\/div>\n\t\t\t\t<\/div>\n\t\t\t\t<div class=\"elementor-element elementor-element-4c94a39 elementor-widget elementor-widget-html\" data-id=\"4c94a39\" data-element_type=\"widget\" data-e-type=\"widget\" data-widget_type=\"html.default\">\n\t\t\t\t<div class=\"elementor-widget-container\">\n\t\t\t\t\t<style>.mk-video-container{height: 2183px;} @media (max-width: 1440){.mk-video-container{height: 2768px;}} @media (max-width: 1024px){.mk-video-container{height: 2768px;}} @media (max-width: 768px){.mk-video-container{height: 2947px}} @media (max-width: 538px){.mk-video-container{height: 3805px}} @media (max-width: 427px){.mk-video-container{height: 4047px}} @media (max-width: 375px){.mk-video-container{height: 4381px}} @media (max-width: 360px){.mk-video-container{height: 4559px}} @media (max-width: 325px){.mk-video-container{height: 4871px}}<\/style>\r\n\r\n<iframe style=\"overflow-y: scroll;\" src=\"https:\/\/bewanted.com\/landings\/acade-candidatos\" width=\"100%\" height=\"2020px\"><span data-mce-type=\"bookmark\" style=\"display: inline-block; width: 0px; overflow: hidden; line-height: 0;\" class=\"mce_SELRES_start\">\ufeff<\/span><\/iframe>\t\t\t\t<\/div>\n\t\t\t\t<\/div>\n\t\t\t\t<div class=\"elementor-element elementor-element-433a4bc elementor-widget elementor-widget-text-editor\" data-id=\"433a4bc\" data-element_type=\"widget\" data-e-type=\"widget\" data-widget_type=\"text-editor.default\">\n\t\t\t\t<div class=\"elementor-widget-container\">\n\t\t\t\t\t\t\t\t\t<p><sub>The data subject is informed and consents in accordance with Regulation (EU) 2016\/679 of the European Parliament and of the Council of 27 April 2016 on the protection of natural persons with regard to the processing of their personal data and on the free movement of such data, that the data controller in charge of the processing of their personal data sent through this WORK WITH US section is <b>LEGAMAR INTERNATIONAL SCHOOL, S.L,<\/b><\/sub><span style=\"font-weight: bold; font-size: 12px; letter-spacing: 0.8px;\">\u00a0<\/span><sub>whose purpose is to maintain contact by telephone, fax, e-mail or regular mail with staff, customers, suppliers and other contacts of the company and to manage your request made to LEGAMAR INTERNATIONAL SCHOOL, S.L,<\/sub><span style=\"font-weight: bold; font-size: 12px; letter-spacing: 0.8px;\">\u00a0<\/span><sub>located at Cta. Legan\u00e9s &#8211; Fuenlabrada Km. 1,5 28914 Legan\u00e9s &#8211; Madrid.<\/sub><\/p><p><sub>The data shall be kept for the duration of the user&#8217;s relationship with the centre and for the time necessary to meet the legal actions arising from such relationship. The data shall be processed on the basis of the existing relationship between the user and the educational centre, and may be transferred in the cases provided for by law.<\/sub><\/p><p><sub> You may exercise your rights of access, rectification, cancellation, portability, deletion or, where appropriate, opposition, by writing to the above address or by sending a letter to <a href=\"mailto:lopd@colegiolegamar.com\">dpd@colegiolegamar.com<\/a>. Please, specify which of these rights you wish to exercise. You will have to submit by a photocopy of your National ID card or equivalent identification document. If you are acting through a representative, legal or voluntary, you must also provide a document that accredits the representation powers and such representative National ID card.<\/sub><\/p>\t\t\t\t\t\t\t\t<\/div>\n\t\t\t\t<\/div>\n\t\t\t\t\t<\/div>\n\t\t<\/div>\n\t\t\t\t\t<\/div>\n\t\t<\/section>\n\t\t\t\t\t<\/div>\n\t\t<\/div>\n\t\t\t\t\t<\/div>\n\t\t<\/section>\n\t\t\t\t<\/div>\n\t\t","protected":false},"excerpt":{"rendered":"<p>Work with us Please enter your resume data. LEGAMAR INTERNATIONAL SCHOOL le informa que al enviar su curr\u00edculo a trav\u00e9s de este medio, se integrar\u00e1 autom\u00e1ticamente en la base de datos de ACADE (Asociaci\u00f3n de centros Aut\u00f3nomos de Ense\u00f1anza), patronal que agrupa a un gran n\u00famero de centros privados no sostenidos con fondos p\u00fablicos. Por&hellip;<\/p>\n","protected":false},"author":2,"featured_media":0,"parent":0,"menu_order":0,"comment_status":"closed","ping_status":"closed","template":"elementor_header_footer","meta":{"_eb_attr":"","footnotes":""},"class_list":["post-7539","page","type-page","status-publish","hentry"],"yoast_head":"<!-- This site is optimized with the Yoast SEO plugin v27.4 - https:\/\/yoast.com\/product\/yoast-seo-wordpress\/ -->\n<title>Work with us - Legamar International School<\/title>\n<meta name=\"robots\" content=\"index, follow, max-snippet:-1, max-image-preview:large, max-video-preview:-1\" \/>\n<link rel=\"canonical\" href=\"https:\/\/www.colegiolegamar.com\/en\/work-with-us\/\" \/>\n<meta property=\"og:locale\" content=\"en_US\" \/>\n<meta property=\"og:type\" content=\"article\" \/>\n<meta property=\"og:title\" content=\"Work with us - Legamar International School\" \/>\n<meta property=\"og:description\" content=\"Work with us Please enter your resume data. LEGAMAR INTERNATIONAL SCHOOL le informa que al enviar su curr\u00edculo a trav\u00e9s de este medio, se integrar\u00e1 autom\u00e1ticamente en la base de datos de ACADE (Asociaci\u00f3n de centros Aut\u00f3nomos de Ense\u00f1anza), patronal que agrupa a un gran n\u00famero de centros privados no sostenidos con fondos p\u00fablicos. Por&hellip;\" \/>\n<meta property=\"og:url\" content=\"https:\/\/www.colegiolegamar.com\/en\/work-with-us\/\" \/>\n<meta property=\"og:site_name\" content=\"Legamar International School\" \/>\n<meta property=\"article:modified_time\" content=\"2022-11-08T13:03:15+00:00\" \/>\n<meta name=\"twitter:card\" content=\"summary_large_image\" \/>\n<meta name=\"twitter:label1\" content=\"Est. reading time\" \/>\n\t<meta name=\"twitter:data1\" content=\"2 minutes\" \/>\n<script type=\"application\/ld+json\" class=\"yoast-schema-graph\">{\"@context\":\"https:\\\/\\\/schema.org\",\"@graph\":[{\"@type\":\"WebPage\",\"@id\":\"https:\\\/\\\/www.colegiolegamar.com\\\/en\\\/work-with-us\\\/\",\"url\":\"https:\\\/\\\/www.colegiolegamar.com\\\/en\\\/work-with-us\\\/\",\"name\":\"Work with us - Legamar International School\",\"isPartOf\":{\"@id\":\"https:\\\/\\\/www.colegiolegamar.com\\\/#website\"},\"datePublished\":\"2022-09-05T11:02:54+00:00\",\"dateModified\":\"2022-11-08T13:03:15+00:00\",\"breadcrumb\":{\"@id\":\"https:\\\/\\\/www.colegiolegamar.com\\\/en\\\/work-with-us\\\/#breadcrumb\"},\"inLanguage\":\"en-US\",\"potentialAction\":[{\"@type\":\"ReadAction\",\"target\":[\"https:\\\/\\\/www.colegiolegamar.com\\\/en\\\/work-with-us\\\/\"]}]},{\"@type\":\"BreadcrumbList\",\"@id\":\"https:\\\/\\\/www.colegiolegamar.com\\\/en\\\/work-with-us\\\/#breadcrumb\",\"itemListElement\":[{\"@type\":\"ListItem\",\"position\":1,\"name\":\"Home\",\"item\":\"https:\\\/\\\/www.colegiolegamar.com\\\/en\\\/\"},{\"@type\":\"ListItem\",\"position\":2,\"name\":\"Work with us\"}]},{\"@type\":\"WebSite\",\"@id\":\"https:\\\/\\\/www.colegiolegamar.com\\\/#website\",\"url\":\"https:\\\/\\\/www.colegiolegamar.com\\\/\",\"name\":\"Legamar International School\",\"description\":\"Legamar International School\",\"publisher\":{\"@id\":\"https:\\\/\\\/www.colegiolegamar.com\\\/#organization\"},\"potentialAction\":[{\"@type\":\"SearchAction\",\"target\":{\"@type\":\"EntryPoint\",\"urlTemplate\":\"https:\\\/\\\/www.colegiolegamar.com\\\/?s={search_term_string}\"},\"query-input\":{\"@type\":\"PropertyValueSpecification\",\"valueRequired\":true,\"valueName\":\"search_term_string\"}}],\"inLanguage\":\"en-US\"},{\"@type\":\"Organization\",\"@id\":\"https:\\\/\\\/www.colegiolegamar.com\\\/#organization\",\"name\":\"Legamar International School\",\"url\":\"https:\\\/\\\/www.colegiolegamar.com\\\/\",\"logo\":{\"@type\":\"ImageObject\",\"inLanguage\":\"en-US\",\"@id\":\"https:\\\/\\\/www.colegiolegamar.com\\\/#\\\/schema\\\/logo\\\/image\\\/\",\"url\":\"https:\\\/\\\/www.colegiolegamar.com\\\/wp-content\\\/uploads\\\/2022\\\/10\\\/Legamar_Logo_PNG_fondotransparente-1-1.png\",\"contentUrl\":\"https:\\\/\\\/www.colegiolegamar.com\\\/wp-content\\\/uploads\\\/2022\\\/10\\\/Legamar_Logo_PNG_fondotransparente-1-1.png\",\"width\":1555,\"height\":618,\"caption\":\"Legamar International School\"},\"image\":{\"@id\":\"https:\\\/\\\/www.colegiolegamar.com\\\/#\\\/schema\\\/logo\\\/image\\\/\"}}]}<\/script>\n<!-- \/ Yoast SEO plugin. -->","yoast_head_json":{"title":"Work with us - Legamar International School","robots":{"index":"index","follow":"follow","max-snippet":"max-snippet:-1","max-image-preview":"max-image-preview:large","max-video-preview":"max-video-preview:-1"},"canonical":"https:\/\/www.colegiolegamar.com\/en\/work-with-us\/","og_locale":"en_US","og_type":"article","og_title":"Work with us - Legamar International School","og_description":"Work with us Please enter your resume data. LEGAMAR INTERNATIONAL SCHOOL le informa que al enviar su curr\u00edculo a trav\u00e9s de este medio, se integrar\u00e1 autom\u00e1ticamente en la base de datos de ACADE (Asociaci\u00f3n de centros Aut\u00f3nomos de Ense\u00f1anza), patronal que agrupa a un gran n\u00famero de centros privados no sostenidos con fondos p\u00fablicos. Por&hellip;","og_url":"https:\/\/www.colegiolegamar.com\/en\/work-with-us\/","og_site_name":"Legamar International School","article_modified_time":"2022-11-08T13:03:15+00:00","twitter_card":"summary_large_image","twitter_misc":{"Est. reading time":"2 minutes"},"schema":{"@context":"https:\/\/schema.org","@graph":[{"@type":"WebPage","@id":"https:\/\/www.colegiolegamar.com\/en\/work-with-us\/","url":"https:\/\/www.colegiolegamar.com\/en\/work-with-us\/","name":"Work with us - Legamar International School","isPartOf":{"@id":"https:\/\/www.colegiolegamar.com\/#website"},"datePublished":"2022-09-05T11:02:54+00:00","dateModified":"2022-11-08T13:03:15+00:00","breadcrumb":{"@id":"https:\/\/www.colegiolegamar.com\/en\/work-with-us\/#breadcrumb"},"inLanguage":"en-US","potentialAction":[{"@type":"ReadAction","target":["https:\/\/www.colegiolegamar.com\/en\/work-with-us\/"]}]},{"@type":"BreadcrumbList","@id":"https:\/\/www.colegiolegamar.com\/en\/work-with-us\/#breadcrumb","itemListElement":[{"@type":"ListItem","position":1,"name":"Home","item":"https:\/\/www.colegiolegamar.com\/en\/"},{"@type":"ListItem","position":2,"name":"Work with us"}]},{"@type":"WebSite","@id":"https:\/\/www.colegiolegamar.com\/#website","url":"https:\/\/www.colegiolegamar.com\/","name":"Legamar International School","description":"Legamar International School","publisher":{"@id":"https:\/\/www.colegiolegamar.com\/#organization"},"potentialAction":[{"@type":"SearchAction","target":{"@type":"EntryPoint","urlTemplate":"https:\/\/www.colegiolegamar.com\/?s={search_term_string}"},"query-input":{"@type":"PropertyValueSpecification","valueRequired":true,"valueName":"search_term_string"}}],"inLanguage":"en-US"},{"@type":"Organization","@id":"https:\/\/www.colegiolegamar.com\/#organization","name":"Legamar International School","url":"https:\/\/www.colegiolegamar.com\/","logo":{"@type":"ImageObject","inLanguage":"en-US","@id":"https:\/\/www.colegiolegamar.com\/#\/schema\/logo\/image\/","url":"https:\/\/www.colegiolegamar.com\/wp-content\/uploads\/2022\/10\/Legamar_Logo_PNG_fondotransparente-1-1.png","contentUrl":"https:\/\/www.colegiolegamar.com\/wp-content\/uploads\/2022\/10\/Legamar_Logo_PNG_fondotransparente-1-1.png","width":1555,"height":618,"caption":"Legamar International School"},"image":{"@id":"https:\/\/www.colegiolegamar.com\/#\/schema\/logo\/image\/"}}]}},"_links":{"self":[{"href":"https:\/\/www.colegiolegamar.com\/en\/wp-json\/wp\/v2\/pages\/7539","targetHints":{"allow":["GET"]}}],"collection":[{"href":"https:\/\/www.colegiolegamar.com\/en\/wp-json\/wp\/v2\/pages"}],"about":[{"href":"https:\/\/www.colegiolegamar.com\/en\/wp-json\/wp\/v2\/types\/page"}],"author":[{"embeddable":true,"href":"https:\/\/www.colegiolegamar.com\/en\/wp-json\/wp\/v2\/users\/2"}],"replies":[{"embeddable":true,"href":"https:\/\/www.colegiolegamar.com\/en\/wp-json\/wp\/v2\/comments?post=7539"}],"version-history":[{"count":0,"href":"https:\/\/www.colegiolegamar.com\/en\/wp-json\/wp\/v2\/pages\/7539\/revisions"}],"wp:attachment":[{"href":"https:\/\/www.colegiolegamar.com\/en\/wp-json\/wp\/v2\/media?parent=7539"}],"curies":[{"name":"wp","href":"https:\/\/api.w.org\/{rel}","templated":true}]}}